{"id":29,"date":"2012-01-23T21:12:41","date_gmt":"2012-01-23T21:12:41","guid":{"rendered":"http:\/\/passerelles-theatre.fr\/site\/?page_id=29"},"modified":"2018-03-26T09:40:42","modified_gmt":"2018-03-26T09:40:42","slug":"mentions-legales","status":"publish","type":"page","link":"https:\/\/passerelles-theatre.fr\/site\/mentions-legales\/","title":{"rendered":"Mentions L\u00e9gales"},"content":{"rendered":"<h2><em><span style=\"color: #e1001a;\">Publication<\/span><\/em><\/h2>\n<p>Directrice de publication, C\u00e9cile MAINGOT, pr\u00e9sidente de l&rsquo;association Passerelles Th\u00e9\u00e2tre.<\/p>\n<h2><em><span style=\"color: #e1001a;\">Soutien Technique<\/span><\/em><\/h2>\n<p>Pour toute question relative au fonctionnement du site, vous pouvez contacter le webmaster \u00e0 l&rsquo;adresse suivante : <a href=\"mailto:contact@passerelles-theatre.fr\"><em>contact@passerelles-theatre.fr<\/em><\/a><\/p>\n<h2><em><span style=\"color: #e1001a;\">Propri\u00e9t\u00e9 Intellectuelle &amp; Conditions d&rsquo;utilisation<\/span><\/em><\/h2>\n<p>Les textes et photos mis \u00e0 disposition sur ce site Internet sont prot\u00e9g\u00e9s par le droit d\u2019auteur.<br \/>\nSi vous souhaitez les reproduire, en partie ou en totalit\u00e9, il vous appartient de v\u00e9rifier que cette reproduction est permise, au besoin par l\u2019obtention d\u2019une autorisation \u00e9crite de la part des ayants droits.<\/p>\n<h2><em><span style=\"color: #e1001a;\">Donn\u00e9es personnelles<\/span><\/em><\/h2>\n<p>En application de la loi n\u00b078-17 du 6 janvier 1978 relative \u00e0 l&rsquo;informatique, aux fichiers et aux libert\u00e9s, vous disposez des droits d&rsquo;opposition (art.26 de la loi), d&rsquo;acc\u00e8s (art.34 \u00e0 38 de la loi), et de rectification (art.36 de la loi) des donn\u00e9es vous concernant. Ainsi, vous pouvez exiger que soient rectifi\u00e9es, compl\u00e9t\u00e9es, clarifi\u00e9es, mises \u00e0 jour ou effac\u00e9es les informations vous concernant qui sont inexactes, incompl\u00e8tes, \u00e9quivoques, p\u00e9rim\u00e9es ou dont la collecte ou l&rsquo;utilisation, la communication ou la conservation est interdite.<\/p>\n<h2><em><span style=\"color: #e1001a;\">H\u00e9bergement<\/span><\/em><\/h2>\n<p>Ce site est h\u00e9berg\u00e9 chez OVH, SAS au capital de 500 000 \u20ac domicil\u00e9e :<br \/>\n140, Quai du Sartel, 59100 ROUBAIX<br \/>\nT\u00e9l : 08 20 32 03 63<br \/>\n424 761 419 RCS Roubaix &#8211; Tourcoing SIRET : 424 761 419 0001<\/p>\n<h2><em><span style=\"color: #e1001a;\">Cr\u00e9dits<\/span><\/em><\/h2>\n<p>R\u00e9alisation du site : Claire Lemaire \/ <a href=\"https:\/\/goo.gl\/F66wo3\">La Tryade.fr<\/a><br \/>\nPhotographie :<br \/>\n<a href=\"http:\/\/www.emiliesfez.fr\/\">Emilie Sfez<\/a><\/p>\n","protected":false},"excerpt":{"rendered":"<p>Publication Directrice de publication, C\u00e9cile MAINGOT, pr\u00e9sidente de l&rsquo;association Passerelles Th\u00e9\u00e2tre. Soutien Technique Pour toute question relative au fonctionnement du site, vous pouvez contacter le webmaster \u00e0 l&rsquo;adresse suivante : contact@passerelles-theatre.fr Propri\u00e9t\u00e9 Intellectuelle &amp; Conditions d&rsquo;utilisation Les textes et photos mis \u00e0 disposition sur ce site Internet sont prot\u00e9g\u00e9s par le droit d\u2019auteur. Si vous [&hellip;]<\/p>\n","protected":false},"author":2,"featured_media":0,"parent":0,"menu_order":15,"comment_status":"open","ping_status":"closed","template":"","meta":{"_et_pb_use_builder":"","_et_pb_old_content":"","_et_gb_content_width":"","footnotes":""},"class_list":["post-29","page","type-page","status-publish","hentry"],"aioseo_notices":[],"_links":{"self":[{"href":"https:\/\/passerelles-theatre.fr\/site\/wp-json\/wp\/v2\/pages\/29"}],"collection":[{"href":"https:\/\/passerelles-theatre.fr\/site\/wp-json\/wp\/v2\/pages"}],"about":[{"href":"https:\/\/passerelles-theatre.fr\/site\/wp-json\/wp\/v2\/types\/page"}],"author":[{"embeddable":true,"href":"https:\/\/passerelles-theatre.fr\/site\/wp-json\/wp\/v2\/users\/2"}],"replies":[{"embeddable":true,"href":"https:\/\/passerelles-theatre.fr\/site\/wp-json\/wp\/v2\/comments?post=29"}],"version-history":[{"count":12,"href":"https:\/\/passerelles-theatre.fr\/site\/wp-json\/wp\/v2\/pages\/29\/revisions"}],"predecessor-version":[{"id":1648,"href":"https:\/\/passerelles-theatre.fr\/site\/wp-json\/wp\/v2\/pages\/29\/revisions\/1648"}],"wp:attachment":[{"href":"https:\/\/passerelles-theatre.fr\/site\/wp-json\/wp\/v2\/media?parent=29"}],"curies":[{"name":"wp","href":"https:\/\/api.w.org\/{rel}","templated":true}]}}