{"id":26,"date":"2012-01-23T21:11:48","date_gmt":"2012-01-23T21:11:48","guid":{"rendered":"http:\/\/passerelles-theatre.fr\/site\/?page_id=26"},"modified":"2023-01-12T15:04:48","modified_gmt":"2023-01-12T15:04:48","slug":"contact","status":"publish","type":"page","link":"https:\/\/passerelles-theatre.fr\/site\/contact\/","title":{"rendered":"Contact"},"content":{"rendered":"<p>[et_pb_section fb_built=\u00a0\u00bb1&Prime; _builder_version=\u00a0\u00bb3.22&Prime;][et_pb_row _builder_version=\u00a0\u00bb3.29.3&Prime; background_size=\u00a0\u00bbinitial\u00a0\u00bb background_position=\u00a0\u00bbtop_left\u00a0\u00bb background_repeat=\u00a0\u00bbrepeat\u00a0\u00bb][et_pb_column type=\u00a0\u00bb4_4&Prime; _builder_version=\u00a0\u00bb3.29.3&Prime;][et_pb_text _builder_version=\u00a0\u00bb3.29.3&Prime;]<\/p>\n<h2><span style=\"color: #e1001a;\"><em>Suivez-nous sur les r\u00e9seaux sociaux<br \/><\/em><\/span><\/h2>\n<p>[\/et_pb_text][et_pb_text _builder_version=\u00a0\u00bb3.29.3&Prime;]<\/p>\n<p><a href=\"https:\/\/www.facebook.com\/Passerelles-Th%C3%A9%C3%A2tre-447787415256250\/\"><img loading=\"lazy\" decoding=\"async\" src=\"https:\/\/passerelles-theatre.fr\/site\/wp-content\/uploads\/2019\/10\/flogo_rgb_hex-brc-site-250.png\" alt=\"\" class=\"wp-image-2396 alignnone size-full\" width=\"50\" height=\"50\" srcset=\"https:\/\/passerelles-theatre.fr\/site\/wp-content\/uploads\/2019\/10\/flogo_rgb_hex-brc-site-250.png 250w, https:\/\/passerelles-theatre.fr\/site\/wp-content\/uploads\/2019\/10\/flogo_rgb_hex-brc-site-250-150x150.png 150w\" sizes=\"(max-width: 50px) 100vw, 50px\" \/><\/a>\u00a0\u00a0\u00a0\u00a0\u00a0\u00a0\u00a0\u00a0\u00a0\u00a0 <a href=\"https:\/\/www.instagram.com\/compagniepasserellestheatre\/\"><img loading=\"lazy\" decoding=\"async\" src=\"https:\/\/passerelles-theatre.fr\/site\/wp-content\/uploads\/2019\/10\/insta-1.jpg\" alt=\"\" class=\"wp-image-2399 alignnone size-full\" width=\"50\" height=\"50\" srcset=\"https:\/\/passerelles-theatre.fr\/site\/wp-content\/uploads\/2019\/10\/insta-1.jpg 225w, https:\/\/passerelles-theatre.fr\/site\/wp-content\/uploads\/2019\/10\/insta-1-150x150.jpg 150w\" sizes=\"(max-width: 50px) 100vw, 50px\" \/><\/a>\u00a0\u00a0\u00a0\u00a0\u00a0\u00a0\u00a0\u00a0\u00a0 <a href=\"https:\/\/www.youtube.com\/channel\/UCb1jEyXkI52zWLFGgoYBJVw\"><img loading=\"lazy\" decoding=\"async\" src=\"https:\/\/passerelles-theatre.fr\/site\/wp-content\/uploads\/2019\/10\/youtube-300x143.png\" alt=\"\" class=\"wp-image-2394 alignnone size-medium\" width=\"100\" height=\"48\" srcset=\"https:\/\/passerelles-theatre.fr\/site\/wp-content\/uploads\/2019\/10\/youtube-300x143.png 300w, https:\/\/passerelles-theatre.fr\/site\/wp-content\/uploads\/2019\/10\/youtube.png 325w\" sizes=\"(max-width: 100px) 100vw, 100px\" \/><\/a>\u00a0\u00a0\u00a0\u00a0\u00a0\u00a0\u00a0\u00a0\u00a0\u00a0 <a href=\"https:\/\/www.linkedin.com\/company\/compagnie-passerelles-th\u00e9\u00e2tre\"><img loading=\"lazy\" decoding=\"async\" src=\"https:\/\/passerelles-theatre.fr\/site\/wp-content\/uploads\/2019\/10\/linkedin.png\" alt=\"\" class=\"wp-image-2395 alignnone size-full\" width=\"50\" height=\"50\" srcset=\"https:\/\/passerelles-theatre.fr\/site\/wp-content\/uploads\/2019\/10\/linkedin.png 225w, https:\/\/passerelles-theatre.fr\/site\/wp-content\/uploads\/2019\/10\/linkedin-150x150.png 150w\" sizes=\"(max-width: 50px) 100vw, 50px\" \/><\/a>\u00a0\u00a0\u00a0\u00a0\u00a0\u00a0\u00a0\u00a0\u00a0\u00a0\u00a0\u00a0\u00a0\u00a0\u00a0\u00a0\u00a0\u00a0\u00a0\u00a0\u00a0\u00a0\u00a0\u00a0\u00a0\u00a0\u00a0\u00a0\u00a0\u00a0\u00a0\u00a0\u00a0\u00a0\u00a0\u00a0\u00a0\u00a0\u00a0\u00a0\u00a0\u00a0\u00a0\u00a0\u00a0\u00a0\u00a0\u00a0\u00a0\u00a0\u00a0\u00a0\u00a0\u00a0\u00a0\u00a0\u00a0\u00a0\u00a0\u00a0\u00a0\u00a0\u00a0\u00a0\u00a0\u00a0\u00a0<\/p>\n<p>[\/et_pb_text][\/et_pb_column][\/et_pb_row][et_pb_row _builder_version=\u00a0\u00bb3.25&Prime; background_size=\u00a0\u00bbinitial\u00a0\u00bb background_position=\u00a0\u00bbtop_left\u00a0\u00bb background_repeat=\u00a0\u00bbrepeat\u00a0\u00bb][et_pb_column type=\u00a0\u00bb4_4&Prime; _builder_version=\u00a0\u00bb3.25&Prime; custom_padding=\u00a0\u00bb|||\u00a0\u00bb custom_padding__hover=\u00a0\u00bb|||\u00a0\u00bb][et_pb_text _builder_version=\u00a0\u00bb3.27.4&Prime;]<\/p>\n<h2><span style=\"color: #e1001a;\"><em>Comment pr\u00e9f\u00e9rez-vous nous joindre ?<\/em><\/span><\/h2>\n<p>[\/et_pb_text][\/et_pb_column][\/et_pb_row][et_pb_row column_structure=\u00a0\u00bb1_4,1_4,1_4,1_4&Prime; _builder_version=\u00a0\u00bb3.25&Prime; background_size=\u00a0\u00bbinitial\u00a0\u00bb background_position=\u00a0\u00bbtop_left\u00a0\u00bb background_repeat=\u00a0\u00bbrepeat\u00a0\u00bb][et_pb_column type=\u00a0\u00bb1_4&Prime; _builder_version=\u00a0\u00bb3.25&Prime; custom_padding=\u00a0\u00bb|||\u00a0\u00bb custom_padding__hover=\u00a0\u00bb|||\u00a0\u00bb][et_pb_text _builder_version=\u00a0\u00bb3.27.4&Prime;]<\/p>\n<h3>Par email<\/h3>\n<p>[\/et_pb_text][et_pb_text _builder_version=\u00a0\u00bb3.27.4&Prime;]<a href=\"mailto:contact@passerelles-theatre.fr\"><em>contact@passerelles-theatre.fr<\/em><\/a><br \/>\n[\/et_pb_text][\/et_pb_column][et_pb_column type=\u00a0\u00bb1_4&Prime; _builder_version=\u00a0\u00bb3.25&Prime; custom_padding=\u00a0\u00bb|||\u00a0\u00bb custom_padding__hover=\u00a0\u00bb|||\u00a0\u00bb][et_pb_text _builder_version=\u00a0\u00bb3.27.4&Prime;]<\/p>\n<h3>Par T\u00e9l\u00e9phone<\/h3>\n<p>[\/et_pb_text][et_pb_text _builder_version=\u00a0\u00bb3.27.4&Prime;]<a href=\"tel: +33233360964\"><em>02 33 36 09 64<\/em><\/a><br \/>\n<em><a href=\"tel: +33778642143\">07 78 64 21 43<\/a><\/em><br \/>\n[\/et_pb_text][\/et_pb_column][et_pb_column type=\u00a0\u00bb1_4&Prime; _builder_version=\u00a0\u00bb3.25&Prime; custom_padding=\u00a0\u00bb|||\u00a0\u00bb custom_padding__hover=\u00a0\u00bb|||\u00a0\u00bb][et_pb_text _builder_version=\u00a0\u00bb3.27.4&Prime;]<\/p>\n<h3>Par Facebook<\/h3>\n<p>[\/et_pb_text][et_pb_text _builder_version=\u00a0\u00bb3.27.4&Prime;]En utilisant la fonction messenger de notre <a href=\"https:\/\/www.facebook.com\/Passerelles-Th%C3%A9%C3%A2tre-447787415256250\/\">page facebook<\/a><br \/>\n[\/et_pb_text][\/et_pb_column][et_pb_column type=\u00a0\u00bb1_4&Prime; _builder_version=\u00a0\u00bb3.25&Prime; custom_padding=\u00a0\u00bb|||\u00a0\u00bb custom_padding__hover=\u00a0\u00bb|||\u00a0\u00bb][et_pb_text _builder_version=\u00a0\u00bb3.27.4&Prime;]<\/p>\n<h3>Par courrier<\/h3>\n<p>[\/et_pb_text][et_pb_text _builder_version=\u00a0\u00bb3.27.4&Prime;]<\/p>\n<p>Compagnie Passerelles-Th\u00e9\u00e2tre<br \/>2, rue des Flandres<br \/>61200 Argentan<\/p>\n<p>[\/et_pb_text][\/et_pb_column][\/et_pb_row][\/et_pb_section]<\/p>\n","protected":false},"excerpt":{"rendered":"<p>Suivez-nous sur les r\u00e9seaux sociaux\u00a0\u00a0\u00a0\u00a0\u00a0\u00a0\u00a0\u00a0\u00a0\u00a0 \u00a0\u00a0\u00a0\u00a0\u00a0\u00a0\u00a0\u00a0\u00a0 \u00a0\u00a0\u00a0\u00a0\u00a0\u00a0\u00a0\u00a0\u00a0\u00a0 \u00a0\u00a0\u00a0\u00a0\u00a0\u00a0\u00a0\u00a0\u00a0\u00a0\u00a0\u00a0\u00a0\u00a0\u00a0\u00a0\u00a0\u00a0\u00a0\u00a0\u00a0\u00a0\u00a0\u00a0\u00a0\u00a0\u00a0\u00a0\u00a0\u00a0\u00a0\u00a0\u00a0\u00a0\u00a0\u00a0\u00a0\u00a0\u00a0\u00a0\u00a0\u00a0\u00a0\u00a0\u00a0\u00a0\u00a0\u00a0\u00a0\u00a0\u00a0\u00a0\u00a0\u00a0\u00a0\u00a0\u00a0\u00a0\u00a0\u00a0\u00a0\u00a0\u00a0\u00a0\u00a0\u00a0\u00a0Comment pr\u00e9f\u00e9rez-vous nous joindre ? Par email contact@passerelles-theatre.fr Par T\u00e9l\u00e9phone 02 33 36 09 64 07 78 64 21 43 Par Facebook En utilisant la fonction messenger de notre page facebook Par courrier Compagnie Passerelles-Th\u00e9\u00e2tre2, rue des Flandres61200 Argentan<\/p>\n","protected":false},"author":2,"featured_media":0,"parent":0,"menu_order":5,"comment_status":"open","ping_status":"closed","template":"","meta":{"_et_pb_use_builder":"on","_et_pb_old_content":"<div style=\"width: 280px;\">Pour nous envoyer un message vous pouvez utiliser le formulaire ci-dessous.<\/div><p>[contact-form 1 \"Formulaire de contact 1\"]<\/p>","_et_gb_content_width":"","footnotes":""},"class_list":["post-26","page","type-page","status-publish","hentry"],"aioseo_notices":[],"_links":{"self":[{"href":"https:\/\/passerelles-theatre.fr\/site\/wp-json\/wp\/v2\/pages\/26"}],"collection":[{"href":"https:\/\/passerelles-theatre.fr\/site\/wp-json\/wp\/v2\/pages"}],"about":[{"href":"https:\/\/passerelles-theatre.fr\/site\/wp-json\/wp\/v2\/types\/page"}],"author":[{"embeddable":true,"href":"https:\/\/passerelles-theatre.fr\/site\/wp-json\/wp\/v2\/users\/2"}],"replies":[{"embeddable":true,"href":"https:\/\/passerelles-theatre.fr\/site\/wp-json\/wp\/v2\/comments?post=26"}],"version-history":[{"count":33,"href":"https:\/\/passerelles-theatre.fr\/site\/wp-json\/wp\/v2\/pages\/26\/revisions"}],"predecessor-version":[{"id":3838,"href":"https:\/\/passerelles-theatre.fr\/site\/wp-json\/wp\/v2\/pages\/26\/revisions\/3838"}],"wp:attachment":[{"href":"https:\/\/passerelles-theatre.fr\/site\/wp-json\/wp\/v2\/media?parent=26"}],"curies":[{"name":"wp","href":"https:\/\/api.w.org\/{rel}","templated":true}]}}