{"id":1425,"date":"2018-03-21T10:54:21","date_gmt":"2018-03-21T10:54:21","guid":{"rendered":"https:\/\/passerelles-theatre.fr\/site\/?page_id=1425"},"modified":"2024-09-10T14:38:36","modified_gmt":"2024-09-10T14:38:36","slug":"la-compagnie","status":"publish","type":"page","link":"https:\/\/passerelles-theatre.fr\/site\/la-compagnie\/","title":{"rendered":"A propos"},"content":{"rendered":"<p>[et_pb_section fb_built=\u00a0\u00bb1&Prime; _builder_version=\u00a0\u00bb4.16&Prime; background_image=\u00a0\u00bbhttps:\/\/passerelles-theatre.fr\/site\/wp-content\/uploads\/2021\/03\/compagnie.jpg\u00a0\u00bb min_height=\u00a0\u00bb1024.7px\u00a0\u00bb custom_margin=\u00a0\u00bb||-69px|||\u00a0\u00bb custom_padding=\u00a0\u00bb54px|0px|363px|0px\u00a0\u00bb global_colors_info=\u00a0\u00bb{}\u00a0\u00bb][et_pb_row column_structure=\u00a0\u00bb1_3,1_3,1_3&Prime; _builder_version=\u00a0\u00bb4.16&Prime; background_size=\u00a0\u00bbinitial\u00a0\u00bb background_position=\u00a0\u00bbtop_left\u00a0\u00bb background_repeat=\u00a0\u00bbrepeat\u00a0\u00bb module_alignment=\u00a0\u00bbcenter\u00a0\u00bb global_colors_info=\u00a0\u00bb{}\u00a0\u00bb][et_pb_column type=\u00a0\u00bb1_3&Prime; _builder_version=\u00a0\u00bb4.16&Prime; custom_padding=\u00a0\u00bb|||\u00a0\u00bb global_colors_info=\u00a0\u00bb{}\u00a0\u00bb custom_padding__hover=\u00a0\u00bb|||\u00a0\u00bb][\/et_pb_column][et_pb_column type=\u00a0\u00bb1_3&Prime; _builder_version=\u00a0\u00bb4.16&Prime; custom_padding=\u00a0\u00bb50px|||\u00a0\u00bb global_colors_info=\u00a0\u00bb{}\u00a0\u00bb custom_padding__hover=\u00a0\u00bb|||\u00a0\u00bb][\/et_pb_column][et_pb_column type=\u00a0\u00bb1_3&Prime; _builder_version=\u00a0\u00bb4.16&Prime; custom_padding=\u00a0\u00bb|||\u00a0\u00bb global_colors_info=\u00a0\u00bb{}\u00a0\u00bb custom_padding__hover=\u00a0\u00bb|||\u00a0\u00bb][\/et_pb_column][\/et_pb_row][et_pb_row column_structure=\u00a0\u00bb1_4,1_4,1_4,1_4&Prime; _builder_version=\u00a0\u00bb4.16&Prime; background_size=\u00a0\u00bbinitial\u00a0\u00bb background_position=\u00a0\u00bbtop_left\u00a0\u00bb background_repeat=\u00a0\u00bbrepeat\u00a0\u00bb module_alignment=\u00a0\u00bbcenter\u00a0\u00bb global_colors_info=\u00a0\u00bb{}\u00a0\u00bb][et_pb_column type=\u00a0\u00bb1_4&Prime; _builder_version=\u00a0\u00bb4.16&Prime; custom_padding=\u00a0\u00bb|||\u00a0\u00bb global_colors_info=\u00a0\u00bb{}\u00a0\u00bb custom_padding__hover=\u00a0\u00bb|||\u00a0\u00bb][\/et_pb_column][et_pb_column type=\u00a0\u00bb1_4&Prime; _builder_version=\u00a0\u00bb4.16&Prime; custom_padding=\u00a0\u00bb50px|||\u00a0\u00bb global_colors_info=\u00a0\u00bb{}\u00a0\u00bb custom_padding__hover=\u00a0\u00bb|||\u00a0\u00bb][et_pb_text _builder_version=\u00a0\u00bb4.16&Prime; global_colors_info=\u00a0\u00bb{}\u00a0\u00bb]<\/p>\n<h1><span style=\"color: #e1001a;\"><em>D\u00e9marche artistique<\/em><\/span><\/h1>\n<p>[\/et_pb_text][et_pb_text _builder_version=\u00a0\u00bb4.16&Prime; text_font_size=\u00a0\u00bb24px\u00a0\u00bb global_colors_info=\u00a0\u00bb{}\u00a0\u00bb]<\/p>\n<blockquote><p><span style=\"color: #ffffff;\"><em>Nous croyons sinc\u00e8rement que le th\u00e9\u00e2tre est l\u00e0 o\u00f9 nous voulons qu&rsquo;il commence.<\/em><\/span><\/p><\/blockquote>\n<p>[\/et_pb_text][\/et_pb_column][et_pb_column type=\u00a0\u00bb1_4&Prime; _builder_version=\u00a0\u00bb4.16&Prime; custom_padding=\u00a0\u00bb|||\u00a0\u00bb global_colors_info=\u00a0\u00bb{}\u00a0\u00bb custom_padding__hover=\u00a0\u00bb|||\u00a0\u00bb][\/et_pb_column][et_pb_column type=\u00a0\u00bb1_4&Prime; _builder_version=\u00a0\u00bb4.16&Prime; custom_padding=\u00a0\u00bb|||\u00a0\u00bb global_colors_info=\u00a0\u00bb{}\u00a0\u00bb custom_padding__hover=\u00a0\u00bb|||\u00a0\u00bb][\/et_pb_column][\/et_pb_row][et_pb_row column_structure=\u00a0\u00bb1_3,1_3,1_3&Prime; _builder_version=\u00a0\u00bb4.16&Prime; background_size=\u00a0\u00bbinitial\u00a0\u00bb background_position=\u00a0\u00bbtop_left\u00a0\u00bb background_repeat=\u00a0\u00bbrepeat\u00a0\u00bb module_alignment=\u00a0\u00bbcenter\u00a0\u00bb global_colors_info=\u00a0\u00bb{}\u00a0\u00bb][et_pb_column type=\u00a0\u00bb1_3&Prime; _builder_version=\u00a0\u00bb4.16&Prime; custom_padding=\u00a0\u00bb|||\u00a0\u00bb global_colors_info=\u00a0\u00bb{}\u00a0\u00bb custom_padding__hover=\u00a0\u00bb|||\u00a0\u00bb][\/et_pb_column][et_pb_column type=\u00a0\u00bb1_3&Prime; _builder_version=\u00a0\u00bb4.16&Prime; custom_padding=\u00a0\u00bb50px|||\u00a0\u00bb global_colors_info=\u00a0\u00bb{}\u00a0\u00bb custom_padding__hover=\u00a0\u00bb|||\u00a0\u00bb][\/et_pb_column][et_pb_column type=\u00a0\u00bb1_3&Prime; _builder_version=\u00a0\u00bb4.16&Prime; custom_padding=\u00a0\u00bb|||\u00a0\u00bb global_colors_info=\u00a0\u00bb{}\u00a0\u00bb custom_padding__hover=\u00a0\u00bb|||\u00a0\u00bb][\/et_pb_column][\/et_pb_row][\/et_pb_section][et_pb_section fb_built=\u00a0\u00bb1&Prime; _builder_version=\u00a0\u00bb4.16&Prime; background_color=\u00a0\u00bb#000000&Prime; custom_padding=\u00a0\u00bb126px|0px|122px|0px\u00a0\u00bb global_colors_info=\u00a0\u00bb{}\u00a0\u00bb][et_pb_row _builder_version=\u00a0\u00bb4.16&Prime; background_size=\u00a0\u00bbinitial\u00a0\u00bb background_position=\u00a0\u00bbtop_left\u00a0\u00bb background_repeat=\u00a0\u00bbrepeat\u00a0\u00bb module_alignment=\u00a0\u00bbcenter\u00a0\u00bb global_colors_info=\u00a0\u00bb{}\u00a0\u00bb][et_pb_column type=\u00a0\u00bb4_4&Prime; _builder_version=\u00a0\u00bb4.16&Prime; custom_padding=\u00a0\u00bb|||\u00a0\u00bb global_colors_info=\u00a0\u00bb{}\u00a0\u00bb custom_padding__hover=\u00a0\u00bb|||\u00a0\u00bb][et_pb_text _builder_version=\u00a0\u00bb4.16&Prime; global_colors_info=\u00a0\u00bb{}\u00a0\u00bb]<\/p>\n<h1><span style=\"color: #e1001a;\"><em>D\u00e9marche artistique<\/em><\/span><\/h1>\n<p>[\/et_pb_text][\/et_pb_column][\/et_pb_row][et_pb_row column_structure=\u00a0\u00bb1_3,1_3,1_3&Prime; _builder_version=\u00a0\u00bb4.16&Prime; background_size=\u00a0\u00bbinitial\u00a0\u00bb background_position=\u00a0\u00bbtop_left\u00a0\u00bb background_repeat=\u00a0\u00bbrepeat\u00a0\u00bb global_colors_info=\u00a0\u00bb{}\u00a0\u00bb][et_pb_column type=\u00a0\u00bb1_3&Prime; _builder_version=\u00a0\u00bb4.16&Prime; custom_padding=\u00a0\u00bb|||\u00a0\u00bb global_colors_info=\u00a0\u00bb{}\u00a0\u00bb custom_padding__hover=\u00a0\u00bb|||\u00a0\u00bb][et_pb_text _builder_version=\u00a0\u00bb4.16&Prime; global_colors_info=\u00a0\u00bb{}\u00a0\u00bb]<\/p>\n<div><span style=\"color: #ffffff;\">Ce qui nous fait vibrer, ce sont les mots, les regards, la g\u00e9n\u00e9rosit\u00e9 et les \u00e9changes.<\/span> <span style=\"color: #ffffff;\">Les moments de th\u00e9\u00e2tre qui arrivent l\u00e0 o\u00f9 nous ne les attendons pas, dans une salle des f\u00eates \u00e0 Bell\u00eame, dans une salle carrel\u00e9e rue du Pavillon \u00e0 Falaise, en dehors des sentiers battus, comme dans les sentiers battus &#8230;<\/span><\/div>\n<div><span style=\"color: #ffffff;\">Ce qui nous fait vibrer, c&rsquo;est ce qu&rsquo;il se passe l\u00e0 et maintenant avec les spectateurs qui nous regardent et \u00e0 qui nous parlons.<\/span><\/div>\n<p>[\/et_pb_text][\/et_pb_column][et_pb_column type=\u00a0\u00bb1_3&Prime; _builder_version=\u00a0\u00bb4.16&Prime; custom_padding=\u00a0\u00bb|||\u00a0\u00bb global_colors_info=\u00a0\u00bb{}\u00a0\u00bb custom_padding__hover=\u00a0\u00bb|||\u00a0\u00bb][et_pb_text _builder_version=\u00a0\u00bb4.16&Prime; global_colors_info=\u00a0\u00bb{}\u00a0\u00bb]<\/p>\n<div><span style=\"color: #ffffff;\">Nous sommes l\u00e0, \u00e0 cet instant pour partager des \u00e9motions, des mots, du rire et des larmes. Nous sommes li\u00e9s dans cet instant comme rarement nous pouvons \u00eatre li\u00e9s ailleurs dans la \u00ab\u00a0vraie\u00a0\u00bb vie.<\/span> <span style=\"color: #ffffff;\">N&rsquo;est-elle pas l\u00e0, la \u00ab\u00a0vraie\u00a0\u00bb vie, dans ces regards et ces mots \u00e9chang\u00e9s ensemble ?<\/span><\/div>\n<p>[\/et_pb_text][\/et_pb_column][et_pb_column type=\u00a0\u00bb1_3&Prime; _builder_version=\u00a0\u00bb4.16&Prime; custom_padding=\u00a0\u00bb|||\u00a0\u00bb global_colors_info=\u00a0\u00bb{}\u00a0\u00bb custom_padding__hover=\u00a0\u00bb|||\u00a0\u00bb][et_pb_text _builder_version=\u00a0\u00bb4.16&Prime; global_colors_info=\u00a0\u00bb{}\u00a0\u00bb]<\/p>\n<div><span style=\"color: #ffffff;\">Ce qui nous fait vibrer, c&rsquo;est de voir une personne qui monte sur sc\u00e8ne pour la premi\u00e8re fois, les yeux brillant de fiert\u00e9 parce qu&rsquo;elle n&rsquo;aurait jamais imagin\u00e9 ressentir \u00e7a encore ; Un enfant qui voit sa maman briller et qui reconna\u00eet la flamme qu&rsquo;il n&rsquo;a pas vu allum\u00e9e depuis longtemps ;<\/span> <span style=\"color: #ffffff;\">Une femme qui, les larmes aux yeux, ne reconna\u00eet pas celui qu&rsquo;elle a re\u00e7u dans son bureau pendant des ann\u00e9es parce qu&rsquo;il avait toujours la t\u00eate baiss\u00e9e et qu&rsquo;il parlait tout bas.<\/span><\/div>\n<div><span style=\"color: #e1001a;\"><em>\u00a0<\/em><\/span><\/div>\n<p>[\/et_pb_text][\/et_pb_column][\/et_pb_row][\/et_pb_section][et_pb_section fb_built=\u00a0\u00bb1&Prime; _builder_version=\u00a0\u00bb4.16&Prime; global_colors_info=\u00a0\u00bb{}\u00a0\u00bb][et_pb_row _builder_version=\u00a0\u00bb4.16&Prime; background_size=\u00a0\u00bbinitial\u00a0\u00bb background_position=\u00a0\u00bbtop_left\u00a0\u00bb background_repeat=\u00a0\u00bbrepeat\u00a0\u00bb global_colors_info=\u00a0\u00bb{}\u00a0\u00bb][et_pb_column type=\u00a0\u00bb4_4&Prime; _builder_version=\u00a0\u00bb4.16&Prime; custom_padding=\u00a0\u00bb|||\u00a0\u00bb global_colors_info=\u00a0\u00bb{}\u00a0\u00bb custom_padding__hover=\u00a0\u00bb|||\u00a0\u00bb][et_pb_text _builder_version=\u00a0\u00bb4.16&Prime; global_colors_info=\u00a0\u00bb{}\u00a0\u00bb]<\/p>\n<h2><span style=\"color: #e1001a;\"><em>Clotilde Labb\u00e9, Metteuse en sc\u00e8ne<\/em><\/span><\/h2>\n<h3><span style=\"color: #333300;\">G\u00e9n\u00e9rosit\u00e9, humanit\u00e9 et simplicit\u00e9<\/span><\/h3>\n<p>[\/et_pb_text][\/et_pb_column][\/et_pb_row][et_pb_row column_structure=\u00a0\u00bb1_2,1_2&Prime; _builder_version=\u00a0\u00bb4.16&Prime; background_size=\u00a0\u00bbinitial\u00a0\u00bb background_position=\u00a0\u00bbtop_left\u00a0\u00bb background_repeat=\u00a0\u00bbrepeat\u00a0\u00bb global_colors_info=\u00a0\u00bb{}\u00a0\u00bb][et_pb_column type=\u00a0\u00bb1_2&Prime; _builder_version=\u00a0\u00bb4.16&Prime; custom_padding=\u00a0\u00bb|||\u00a0\u00bb global_colors_info=\u00a0\u00bb{}\u00a0\u00bb custom_padding__hover=\u00a0\u00bb|||\u00a0\u00bb][et_pb_text _builder_version=\u00a0\u00bb4.16&Prime; global_colors_info=\u00a0\u00bb{}\u00a0\u00bb]<\/p>\n<p><em><span style=\"color: #000000;\">Je suis engag\u00e9e dans des spectacles qui interrogent la soci\u00e9t\u00e9. Mes mises en sc\u00e8nes sont volontairement \u00e9pur\u00e9es, sans d\u00e9cor et avec peu d\u2019accessoires. Tout mon travail est bas\u00e9 sur le texte, le propos, le jeu des com\u00e9diens, la simplicit\u00e9 et le rapport au public.<\/span><\/em> <em><span style=\"color: #000000;\">Toujours bas\u00e9 sur des questions soci\u00e9tales, je d\u00e9fends un th\u00e9\u00e2tre accessible et exigeant. En r\u00e9flexion permanente avec le r\u00e9el, je travaille sur le rapport au public et me questionne toujours sur sa position, son regard et son \u00e9coute. Je cherche un rapport direct avec lui. Bas\u00e9e sur une grande simplicit\u00e9 dans le rapport au texte, je mets tout en \u0153uvre pour que le public se sente concern\u00e9, se questionne et r\u00e9fl\u00e9chisse. Je n\u2019h\u00e9site pas \u00e0 placer les com\u00e9diens dans le public pour cr\u00e9er une autre relation avec le spectateur, plus proche et plus humaine. Je tente en permanence d\u2019effacer la barri\u00e8re invisible qu\u2019il peut y avoir entre le public et le spectacle.<\/span><\/em> <span style=\"color: #000000;\"><em>La g\u00e9n\u00e9rosit\u00e9, l\u2019humanit\u00e9 et la simplicit\u00e9 des acteurs sont des ingr\u00e9dients indispensables \u00e0 mon travail.<\/em><\/span><\/p>\n<p>[\/et_pb_text][\/et_pb_column][et_pb_column type=\u00a0\u00bb1_2&Prime; _builder_version=\u00a0\u00bb4.16&Prime; custom_padding=\u00a0\u00bb|||\u00a0\u00bb global_colors_info=\u00a0\u00bb{}\u00a0\u00bb custom_padding__hover=\u00a0\u00bb|||\u00a0\u00bb][et_pb_text _builder_version=\u00a0\u00bb4.16&Prime; global_colors_info=\u00a0\u00bb{}\u00a0\u00bb]<\/p>\n<p><em><span style=\"color: #000000;\">Les artifices ne font pas partie de mon univers. Je compte sur l\u2019imaginaire du spectateur et sur le pouvoir de suggestion des acteurs. Seules les lumi\u00e8res me permettent de d\u00e9couper l\u2019espace et d\u2019installer des ambiances particuli\u00e8res (focaliser l\u2019attention du spectateur, placer le com\u00e9dien dans un espace restreint, \u00e9tablir une atmosph\u00e8re intimiste\u2026).<\/span><\/em> <em><span style=\"color: #000000;\">Cette d\u00e9marche na\u00eet d\u2019une r\u00e9action \u00e0 la dimension spectaculaire, superficielle et artificielle qui est v\u00e9hicul\u00e9e dans notre soci\u00e9t\u00e9 par les m\u00e9dias. Pas d\u2019esbroufe dans mon travail. Nous sommes des \u00eatres vivants et pensants, tant sur sc\u00e8ne que dans la salle. Je ne cherche pas l\u2019illusion ou une certaine notion du \u00ab\u00a0beau\u00a0\u00bb je cherche ce qui nous lie les uns aux autres, ce qui fait que nous sommes humains.<\/span><\/em> <em><span style=\"color: #000000;\">Je n\u2019ai pas peur des \u00e9motions et de leur impact sur les gens, elles font partie de la vie et ne doivent pas nous effrayer, au contraire, elles nous rendent plus forts, nous permettent de nous sentir vivant et faisant partie d\u2019un tout.<\/span><\/em><\/p>\n<p>[\/et_pb_text][\/et_pb_column][\/et_pb_row][\/et_pb_section][et_pb_section fb_built=\u00a0\u00bb1&Prime; _builder_version=\u00a0\u00bb4.16&Prime; global_colors_info=\u00a0\u00bb{}\u00a0\u00bb][et_pb_row _builder_version=\u00a0\u00bb4.16&Prime; background_size=\u00a0\u00bbinitial\u00a0\u00bb background_position=\u00a0\u00bbtop_left\u00a0\u00bb background_repeat=\u00a0\u00bbrepeat\u00a0\u00bb global_colors_info=\u00a0\u00bb{}\u00a0\u00bb][et_pb_column type=\u00a0\u00bb4_4&Prime; _builder_version=\u00a0\u00bb4.16&Prime; custom_padding=\u00a0\u00bb|||\u00a0\u00bb global_colors_info=\u00a0\u00bb{}\u00a0\u00bb custom_padding__hover=\u00a0\u00bb|||\u00a0\u00bb][et_pb_text _builder_version=\u00a0\u00bb4.16&Prime; global_colors_info=\u00a0\u00bb{}\u00a0\u00bb]<\/p>\n<h2><span style=\"color: #e1001a;\"><em>Cr\u00e9ations<\/em><\/span><\/h2>\n<p>[\/et_pb_text][\/et_pb_column][\/et_pb_row][et_pb_row column_structure=\u00a0\u00bb1_3,1_3,1_3&Prime; _builder_version=\u00a0\u00bb4.16&Prime; global_colors_info=\u00a0\u00bb{}\u00a0\u00bb][et_pb_column type=\u00a0\u00bb1_3&Prime; _builder_version=\u00a0\u00bb4.16&Prime; custom_padding=\u00a0\u00bb|||\u00a0\u00bb global_colors_info=\u00a0\u00bb{}\u00a0\u00bb custom_padding__hover=\u00a0\u00bb|||\u00a0\u00bb][et_pb_blog fullwidth=\u00a0\u00bboff\u00a0\u00bb posts_number=\u00a0\u00bb1&Prime; include_categories=\u00a0\u00bb4&Prime; show_content=\u00a0\u00bbon\u00a0\u00bb show_author=\u00a0\u00bboff\u00a0\u00bb show_date=\u00a0\u00bboff\u00a0\u00bb show_categories=\u00a0\u00bboff\u00a0\u00bb show_pagination=\u00a0\u00bboff\u00a0\u00bb _builder_version=\u00a0\u00bb4.16&Prime; header_font=\u00a0\u00bb|600|on||||||\u00a0\u00bb header_text_color=\u00a0\u00bb#e1001a\u00a0\u00bb header_font_size=\u00a0\u00bb24&Prime; text_orientation=\u00a0\u00bbleft\u00a0\u00bb pagination_font_size_tablet=\u00a0\u00bb51&Prime; pagination_line_height_tablet=\u00a0\u00bb2&Prime; global_colors_info=\u00a0\u00bb{}\u00a0\u00bb][\/et_pb_blog][\/et_pb_column][et_pb_column type=\u00a0\u00bb1_3&Prime; _builder_version=\u00a0\u00bb4.16&Prime; custom_padding=\u00a0\u00bb|||\u00a0\u00bb global_colors_info=\u00a0\u00bb{}\u00a0\u00bb custom_padding__hover=\u00a0\u00bb|||\u00a0\u00bb][et_pb_blog fullwidth=\u00a0\u00bboff\u00a0\u00bb posts_number=\u00a0\u00bb1&Prime; include_categories=\u00a0\u00bb4&Prime; show_content=\u00a0\u00bbon\u00a0\u00bb show_author=\u00a0\u00bboff\u00a0\u00bb show_date=\u00a0\u00bboff\u00a0\u00bb show_categories=\u00a0\u00bboff\u00a0\u00bb show_pagination=\u00a0\u00bboff\u00a0\u00bb offset_number=\u00a0\u00bb1&Prime; _builder_version=\u00a0\u00bb4.16&Prime; header_font=\u00a0\u00bb|600|on||||||\u00a0\u00bb header_text_color=\u00a0\u00bb#e1001a\u00a0\u00bb header_font_size=\u00a0\u00bb24&Prime; text_orientation=\u00a0\u00bbleft\u00a0\u00bb pagination_font_size_tablet=\u00a0\u00bb51&Prime; pagination_line_height_tablet=\u00a0\u00bb2&Prime; global_colors_info=\u00a0\u00bb{}\u00a0\u00bb][\/et_pb_blog][\/et_pb_column][et_pb_column type=\u00a0\u00bb1_3&Prime; _builder_version=\u00a0\u00bb4.16&Prime; custom_padding=\u00a0\u00bb|||\u00a0\u00bb global_colors_info=\u00a0\u00bb{}\u00a0\u00bb custom_padding__hover=\u00a0\u00bb|||\u00a0\u00bb][et_pb_blog fullwidth=\u00a0\u00bboff\u00a0\u00bb posts_number=\u00a0\u00bb1&Prime; include_categories=\u00a0\u00bb4&Prime; show_content=\u00a0\u00bbon\u00a0\u00bb show_author=\u00a0\u00bboff\u00a0\u00bb show_date=\u00a0\u00bboff\u00a0\u00bb show_categories=\u00a0\u00bboff\u00a0\u00bb show_pagination=\u00a0\u00bboff\u00a0\u00bb offset_number=\u00a0\u00bb2&Prime; _builder_version=\u00a0\u00bb4.16&Prime; header_font=\u00a0\u00bb|600|on||||||\u00a0\u00bb header_text_color=\u00a0\u00bb#e1001a\u00a0\u00bb header_font_size=\u00a0\u00bb24&Prime; text_orientation=\u00a0\u00bbleft\u00a0\u00bb pagination_font_size_tablet=\u00a0\u00bb51&Prime; pagination_line_height_tablet=\u00a0\u00bb2&Prime; global_colors_info=\u00a0\u00bb{}\u00a0\u00bb][\/et_pb_blog][\/et_pb_column][\/et_pb_row][\/et_pb_section]<\/p>\n","protected":false},"excerpt":{"rendered":"<p>D\u00e9marche artistique Nous croyons sinc\u00e8rement que le th\u00e9\u00e2tre est l\u00e0 o\u00f9 nous voulons qu&rsquo;il commence. D\u00e9marche artistique Ce qui nous fait vibrer, ce sont les mots, les regards, la g\u00e9n\u00e9rosit\u00e9 et les \u00e9changes. Les moments de th\u00e9\u00e2tre qui arrivent l\u00e0 o\u00f9 nous ne les attendons pas, dans une salle des f\u00eates \u00e0 Bell\u00eame, dans une [&hellip;]<\/p>\n","protected":false},"author":3,"featured_media":0,"parent":0,"menu_order":1,"comment_status":"closed","ping_status":"closed","template":"","meta":{"_et_pb_use_builder":"on","_et_pb_old_content":"","_et_gb_content_width":"","footnotes":""},"class_list":["post-1425","page","type-page","status-publish","hentry"],"aioseo_notices":[],"_links":{"self":[{"href":"https:\/\/passerelles-theatre.fr\/site\/wp-json\/wp\/v2\/pages\/1425"}],"collection":[{"href":"https:\/\/passerelles-theatre.fr\/site\/wp-json\/wp\/v2\/pages"}],"about":[{"href":"https:\/\/passerelles-theatre.fr\/site\/wp-json\/wp\/v2\/types\/page"}],"author":[{"embeddable":true,"href":"https:\/\/passerelles-theatre.fr\/site\/wp-json\/wp\/v2\/users\/3"}],"replies":[{"embeddable":true,"href":"https:\/\/passerelles-theatre.fr\/site\/wp-json\/wp\/v2\/comments?post=1425"}],"version-history":[{"count":55,"href":"https:\/\/passerelles-theatre.fr\/site\/wp-json\/wp\/v2\/pages\/1425\/revisions"}],"predecessor-version":[{"id":3474,"href":"https:\/\/passerelles-theatre.fr\/site\/wp-json\/wp\/v2\/pages\/1425\/revisions\/3474"}],"wp:attachment":[{"href":"https:\/\/passerelles-theatre.fr\/site\/wp-json\/wp\/v2\/media?parent=1425"}],"curies":[{"name":"wp","href":"https:\/\/api.w.org\/{rel}","templated":true}]}}